{"id":48,"date":"2024-01-14T21:19:28","date_gmt":"2024-01-14T20:19:28","guid":{"rendered":"https:\/\/recette.lacoloc.co\/?page_id=48"},"modified":"2025-04-01T12:35:46","modified_gmt":"2025-04-01T10:35:46","slug":"salle-de-reunion","status":"publish","type":"page","link":"https:\/\/recette.lacoloc.co\/index.php\/salle-de-reunion\/","title":{"rendered":"Salle de r\u00e9union"},"content":{"rendered":"\t\t<div data-elementor-type=\"wp-page\" data-elementor-id=\"48\" class=\"elementor elementor-48\">\n\t\t\t\t<div class=\"elementor-element elementor-element-d1cfe8f e-flex e-con-boxed e-con e-parent\" data-id=\"d1cfe8f\" data-element_type=\"container\">\n\t\t\t\t\t<div class=\"e-con-inner\">\n\t\t\t\t<div class=\"elementor-element elementor-element-ec02ad7 elementor-widget elementor-widget-image\" data-id=\"ec02ad7\" data-element_type=\"widget\" data-widget_type=\"image.default\">\n\t\t\t\t<div class=\"elementor-widget-container\">\n\t\t\t\t\t\t\t\t\t\t\t\t\t\t\t<img fetchpriority=\"high\" decoding=\"async\" width=\"640\" height=\"480\" src=\"https:\/\/recette.lacoloc.co\/wp-content\/uploads\/2025\/03\/sdr-2.jpg\" class=\"attachment-large size-large wp-image-2080\" alt=\"\" srcset=\"https:\/\/recette.lacoloc.co\/wp-content\/uploads\/2025\/03\/sdr-2.jpg 640w, https:\/\/recette.lacoloc.co\/wp-content\/uploads\/2025\/03\/sdr-2-300x225.jpg 300w, https:\/\/recette.lacoloc.co\/wp-content\/uploads\/2025\/03\/sdr-2-110x83.jpg 110w\" sizes=\"(max-width: 640px) 100vw, 640px\" \/>\t\t\t\t\t\t\t\t\t\t\t\t\t\t\t<\/div>\n\t\t\t\t<\/div>\n\t\t\t\t\t<\/div>\n\t\t\t\t<\/div>\n\t\t<div class=\"elementor-element elementor-element-fb08043 e-flex e-con-boxed e-con e-parent\" data-id=\"fb08043\" data-element_type=\"container\">\n\t\t\t\t\t<div class=\"e-con-inner\">\n\t\t\t\t<div class=\"elementor-element elementor-element-5c82481 elementor-widget elementor-widget-spacer\" data-id=\"5c82481\" data-element_type=\"widget\" data-widget_type=\"spacer.default\">\n\t\t\t\t<div class=\"elementor-widget-container\">\n\t\t\t\t\t\t\t<div class=\"elementor-spacer\">\n\t\t\t<div class=\"elementor-spacer-inner\"><\/div>\n\t\t<\/div>\n\t\t\t\t\t\t<\/div>\n\t\t\t\t<\/div>\n\t\t\t\t<div class=\"elementor-element elementor-element-c4bf3c8 elementor-widget elementor-widget-text-editor\" data-id=\"c4bf3c8\" data-element_type=\"widget\" data-widget_type=\"text-editor.default\">\n\t\t\t\t<div class=\"elementor-widget-container\">\n\t\t\t\t\t\t\t\t\t<h3><strong data-start=\"4\" data-end=\"75\">\u00a0 \u00a0 \u00a0 \u00a0 \u00a0 \u00a0 \u00a0 \u00a0 \u00a0 \u00a0 \u00a0 \u00a0 Une salle de r\u00e9union\u00a0 pour vos \u00e9changes et collaborations<\/strong><\/h3><p>Besoin d\u2019un <strong data-start=\"91\" data-end=\"128\">espace professionnel et convivial<\/strong> pour vos r\u00e9unions, formations ou brainstormings ? Notre salle de r\u00e9union est con\u00e7ue pour offrir <strong data-start=\"225\" data-end=\"262\">confort, modernit\u00e9 et flexibilit\u00e9<\/strong>, dans un cadre chaleureux et inspirant.<\/p><p>\u2705 <strong data-start=\"308\" data-end=\"340\">Un cadre cosy et fonctionnel<\/strong> :\u00a0 ambiance propice \u00e0 la concentration.<br data-start=\"422\" data-end=\"425\" \/>\ud83c\udfaf <strong data-start=\"428\" data-end=\"456\">Des \u00e9quipements modernes<\/strong> : \u00e9cran, vid\u00e9oprojecteur, Wi-Fi haut d\u00e9bit, paperboard et mat\u00e9riel de pr\u00e9sentation.<br data-start=\"540\" data-end=\"543\" \/>\ud83d\udd52 <strong data-start=\"546\" data-end=\"570\">R\u00e9servation flexible<\/strong> : \u00e0 l\u2019heure, \u00e0 la demi-journ\u00e9e ou \u00e0 la journ\u00e9e, selon vos besoins.<br data-start=\"637\" data-end=\"640\" \/>\u2615 <strong data-start=\"642\" data-end=\"674\">Un plus pour la convivialit\u00e9<\/strong> : caf\u00e9, th\u00e9 et rafra\u00eechissements \u00e0 disposition.<\/p><p>Que ce soit pour une r\u00e9union d\u2019\u00e9quipe, un rendez-vous client ou un atelier collaboratif, profitez d\u2019un <strong data-start=\"829\" data-end=\"859\">espace adapt\u00e9<\/strong> \u00e0 vos besoins<\/p><p>\ud83d\udc49 <strong data-start=\"881\" data-end=\"952\">R\u00e9servez votre salle d\u00e8s maintenant et boostez votre productivit\u00e9 !<\/strong><\/p>\t\t\t\t\t\t\t\t<\/div>\n\t\t\t\t<\/div>\n\t\t\t\t\t<\/div>\n\t\t\t\t<\/div>\n\t\t<div class=\"elementor-element elementor-element-94bce26 e-flex e-con-boxed e-con e-parent\" data-id=\"94bce26\" data-element_type=\"container\">\n\t\t\t\t\t<div class=\"e-con-inner\">\n\t\t\t\t<div class=\"elementor-element elementor-element-2607be1 elementor-widget elementor-widget-spacer\" data-id=\"2607be1\" data-element_type=\"widget\" data-widget_type=\"spacer.default\">\n\t\t\t\t<div class=\"elementor-widget-container\">\n\t\t\t\t\t\t\t<div class=\"elementor-spacer\">\n\t\t\t<div class=\"elementor-spacer-inner\"><\/div>\n\t\t<\/div>\n\t\t\t\t\t\t<\/div>\n\t\t\t\t<\/div>\n\t\t\t\t<div class=\"elementor-element elementor-element-28c0b5f elementor-widget elementor-widget-text-editor\" data-id=\"28c0b5f\" data-element_type=\"widget\" data-widget_type=\"text-editor.default\">\n\t\t\t\t<div class=\"elementor-widget-container\">\n\t\t\t\t\t\t\t\t\t<h4>\u00a0 \u00a0 \u00a0 \u00a0 \u00a0 \u00a0 \u00a0 \u00a0 \u00a0 \u00a0 \u00a0 \u00a0 \u00a0 \u00a0 \u00a0<strong>15\u20ac HT L&#8217;HEURE \/ 50\u20acHT LA DEMI-JOURN\u00c9E \/ 90\u20acHT LA JOURN\u00c9E<\/strong><\/h4>\t\t\t\t\t\t\t\t<\/div>\n\t\t\t\t<\/div>\n\t\t\t\t\t<\/div>\n\t\t\t\t<\/div>\n\t\t<div class=\"elementor-element elementor-element-6270fe7 e-flex e-con-boxed e-con e-parent\" data-id=\"6270fe7\" data-element_type=\"container\">\n\t\t\t\t\t<div class=\"e-con-inner\">\n\t\t\t\t<div class=\"elementor-element elementor-element-9eed6ad elementor-align-center elementor-widget elementor-widget-button\" data-id=\"9eed6ad\" data-element_type=\"widget\" data-widget_type=\"button.default\">\n\t\t\t\t<div class=\"elementor-widget-container\">\n\t\t\t\t\t\t\t\t\t<div class=\"elementor-button-wrapper\">\n\t\t\t\t\t<a class=\"elementor-button elementor-button-link elementor-size-sm\" href=\"https:\/\/recette.lacoloc.co\/index.php\/contact\/\">\n\t\t\t\t\t\t<span class=\"elementor-button-content-wrapper\">\n\t\t\t\t\t\t\t\t\t<span class=\"elementor-button-text\">JE R\u00c9SERVE<\/span>\n\t\t\t\t\t<\/span>\n\t\t\t\t\t<\/a>\n\t\t\t\t<\/div>\n\t\t\t\t\t\t\t\t<\/div>\n\t\t\t\t<\/div>\n\t\t\t\t\t<\/div>\n\t\t\t\t<\/div>\n\t\t\t\t<\/div>\n\t\t","protected":false},"excerpt":{"rendered":"<p>\u00a0 \u00a0 \u00a0 \u00a0 \u00a0 \u00a0 \u00a0 \u00a0 \u00a0 \u00a0 \u00a0 \u00a0 Une salle de r\u00e9union\u00a0 pour vos \u00e9changes et collaborations Besoin d\u2019un espace professionnel et convivial pour vos r\u00e9unions, &hellip; <\/p>\n","protected":false},"author":1,"featured_media":0,"parent":0,"menu_order":0,"comment_status":"closed","ping_status":"closed","template":"","meta":{"footnotes":""},"class_list":["post-48","page","type-page","status-publish","hentry"],"yoast_head":"<!-- This site is optimized with the Yoast SEO plugin v25.2 - https:\/\/yoast.com\/wordpress\/plugins\/seo\/ -->\n<title>Salle de r\u00e9union - La Co&#039;loc<\/title>\n<meta name=\"description\" content=\"D\u00e9couvrez votre salle de r\u00e9union. Pour vos s\u00e9minaires, r\u00e9unions, formations, La Co&#039;loc vous propose une salle pour 8 \u00e0 10 personnes totalement \u00e9quip\u00e9e.\" \/>\n<meta name=\"robots\" content=\"index, follow, max-snippet:-1, max-image-preview:large, max-video-preview:-1\" \/>\n<link rel=\"canonical\" href=\"https:\/\/recette.lacoloc.co\/index.php\/salle-de-reunion\/\" \/>\n<meta property=\"og:locale\" content=\"en_US\" \/>\n<meta property=\"og:type\" content=\"article\" \/>\n<meta property=\"og:title\" content=\"Salle de r\u00e9union - La Co&#039;loc\" \/>\n<meta property=\"og:description\" content=\"D\u00e9couvrez votre salle de r\u00e9union. Pour vos s\u00e9minaires, r\u00e9unions, formations, La Co&#039;loc vous propose une salle pour 8 \u00e0 10 personnes totalement \u00e9quip\u00e9e.\" \/>\n<meta property=\"og:url\" content=\"https:\/\/recette.lacoloc.co\/index.php\/salle-de-reunion\/\" \/>\n<meta property=\"article:modified_time\" content=\"2025-04-01T10:35:46+00:00\" \/>\n<meta property=\"og:image\" content=\"http:\/\/recette.lacoloc.co\/wp-content\/uploads\/2025\/03\/sdr-2.jpg\" \/>\n<meta name=\"twitter:card\" content=\"summary_large_image\" \/>\n<meta name=\"twitter:label1\" content=\"Est. reading time\" \/>\n\t<meta name=\"twitter:data1\" content=\"1 minute\" \/>\n<script type=\"application\/ld+json\" class=\"yoast-schema-graph\">{\"@context\":\"https:\/\/schema.org\",\"@graph\":[{\"@type\":\"WebPage\",\"@id\":\"https:\/\/recette.lacoloc.co\/index.php\/salle-de-reunion\/\",\"url\":\"https:\/\/recette.lacoloc.co\/index.php\/salle-de-reunion\/\",\"name\":\"Salle de r\u00e9union - La Co'loc\",\"isPartOf\":{\"@id\":\"http:\/\/recette.lacoloc.co\/#website\"},\"primaryImageOfPage\":{\"@id\":\"https:\/\/recette.lacoloc.co\/index.php\/salle-de-reunion\/#primaryimage\"},\"image\":{\"@id\":\"https:\/\/recette.lacoloc.co\/index.php\/salle-de-reunion\/#primaryimage\"},\"thumbnailUrl\":\"http:\/\/recette.lacoloc.co\/wp-content\/uploads\/2025\/03\/sdr-2.jpg\",\"datePublished\":\"2024-01-14T20:19:28+00:00\",\"dateModified\":\"2025-04-01T10:35:46+00:00\",\"description\":\"D\u00e9couvrez votre salle de r\u00e9union. Pour vos s\u00e9minaires, r\u00e9unions, formations, La Co'loc vous propose une salle pour 8 \u00e0 10 personnes totalement \u00e9quip\u00e9e.\",\"breadcrumb\":{\"@id\":\"https:\/\/recette.lacoloc.co\/index.php\/salle-de-reunion\/#breadcrumb\"},\"inLanguage\":\"en-US\",\"potentialAction\":[{\"@type\":\"ReadAction\",\"target\":[\"https:\/\/recette.lacoloc.co\/index.php\/salle-de-reunion\/\"]}]},{\"@type\":\"ImageObject\",\"inLanguage\":\"en-US\",\"@id\":\"https:\/\/recette.lacoloc.co\/index.php\/salle-de-reunion\/#primaryimage\",\"url\":\"https:\/\/recette.lacoloc.co\/wp-content\/uploads\/2025\/03\/sdr-2.jpg\",\"contentUrl\":\"https:\/\/recette.lacoloc.co\/wp-content\/uploads\/2025\/03\/sdr-2.jpg\",\"width\":640,\"height\":480},{\"@type\":\"BreadcrumbList\",\"@id\":\"https:\/\/recette.lacoloc.co\/index.php\/salle-de-reunion\/#breadcrumb\",\"itemListElement\":[{\"@type\":\"ListItem\",\"position\":1,\"name\":\"Accueil\",\"item\":\"https:\/\/recette.lacoloc.co\/\"},{\"@type\":\"ListItem\",\"position\":2,\"name\":\"Salle de r\u00e9union\"}]},{\"@type\":\"WebSite\",\"@id\":\"http:\/\/recette.lacoloc.co\/#website\",\"url\":\"http:\/\/recette.lacoloc.co\/\",\"name\":\"La Co'loc\",\"description\":\"\",\"publisher\":{\"@id\":\"http:\/\/recette.lacoloc.co\/#organization\"},\"potentialAction\":[{\"@type\":\"SearchAction\",\"target\":{\"@type\":\"EntryPoint\",\"urlTemplate\":\"http:\/\/recette.lacoloc.co\/?s={search_term_string}\"},\"query-input\":{\"@type\":\"PropertyValueSpecification\",\"valueRequired\":true,\"valueName\":\"search_term_string\"}}],\"inLanguage\":\"en-US\"},{\"@type\":\"Organization\",\"@id\":\"http:\/\/recette.lacoloc.co\/#organization\",\"name\":\"La Co'loc\",\"url\":\"http:\/\/recette.lacoloc.co\/\",\"logo\":{\"@type\":\"ImageObject\",\"inLanguage\":\"en-US\",\"@id\":\"http:\/\/recette.lacoloc.co\/#\/schema\/logo\/image\/\",\"url\":\"https:\/\/recette.lacoloc.co\/wp-content\/uploads\/2024\/03\/cropped-Location-bureaux-coworking-1.png\",\"contentUrl\":\"https:\/\/recette.lacoloc.co\/wp-content\/uploads\/2024\/03\/cropped-Location-bureaux-coworking-1.png\",\"width\":358,\"height\":367,\"caption\":\"La Co'loc\"},\"image\":{\"@id\":\"http:\/\/recette.lacoloc.co\/#\/schema\/logo\/image\/\"},\"sameAs\":[\"https:\/\/www.linkedin.com\/company\/la-co-loc\/?viewAsMember=true\"]}]}<\/script>\n<!-- \/ Yoast SEO plugin. -->","yoast_head_json":{"title":"Salle de r\u00e9union - La Co'loc","description":"D\u00e9couvrez votre salle de r\u00e9union. Pour vos s\u00e9minaires, r\u00e9unions, formations, La Co'loc vous propose une salle pour 8 \u00e0 10 personnes totalement \u00e9quip\u00e9e.","robots":{"index":"index","follow":"follow","max-snippet":"max-snippet:-1","max-image-preview":"max-image-preview:large","max-video-preview":"max-video-preview:-1"},"canonical":"https:\/\/recette.lacoloc.co\/index.php\/salle-de-reunion\/","og_locale":"en_US","og_type":"article","og_title":"Salle de r\u00e9union - La Co'loc","og_description":"D\u00e9couvrez votre salle de r\u00e9union. Pour vos s\u00e9minaires, r\u00e9unions, formations, La Co'loc vous propose une salle pour 8 \u00e0 10 personnes totalement \u00e9quip\u00e9e.","og_url":"https:\/\/recette.lacoloc.co\/index.php\/salle-de-reunion\/","article_modified_time":"2025-04-01T10:35:46+00:00","og_image":[{"url":"http:\/\/recette.lacoloc.co\/wp-content\/uploads\/2025\/03\/sdr-2.jpg","type":"","width":"","height":""}],"twitter_card":"summary_large_image","twitter_misc":{"Est. reading time":"1 minute"},"schema":{"@context":"https:\/\/schema.org","@graph":[{"@type":"WebPage","@id":"https:\/\/recette.lacoloc.co\/index.php\/salle-de-reunion\/","url":"https:\/\/recette.lacoloc.co\/index.php\/salle-de-reunion\/","name":"Salle de r\u00e9union - La Co'loc","isPartOf":{"@id":"http:\/\/recette.lacoloc.co\/#website"},"primaryImageOfPage":{"@id":"https:\/\/recette.lacoloc.co\/index.php\/salle-de-reunion\/#primaryimage"},"image":{"@id":"https:\/\/recette.lacoloc.co\/index.php\/salle-de-reunion\/#primaryimage"},"thumbnailUrl":"http:\/\/recette.lacoloc.co\/wp-content\/uploads\/2025\/03\/sdr-2.jpg","datePublished":"2024-01-14T20:19:28+00:00","dateModified":"2025-04-01T10:35:46+00:00","description":"D\u00e9couvrez votre salle de r\u00e9union. Pour vos s\u00e9minaires, r\u00e9unions, formations, La Co'loc vous propose une salle pour 8 \u00e0 10 personnes totalement \u00e9quip\u00e9e.","breadcrumb":{"@id":"https:\/\/recette.lacoloc.co\/index.php\/salle-de-reunion\/#breadcrumb"},"inLanguage":"en-US","potentialAction":[{"@type":"ReadAction","target":["https:\/\/recette.lacoloc.co\/index.php\/salle-de-reunion\/"]}]},{"@type":"ImageObject","inLanguage":"en-US","@id":"https:\/\/recette.lacoloc.co\/index.php\/salle-de-reunion\/#primaryimage","url":"https:\/\/recette.lacoloc.co\/wp-content\/uploads\/2025\/03\/sdr-2.jpg","contentUrl":"https:\/\/recette.lacoloc.co\/wp-content\/uploads\/2025\/03\/sdr-2.jpg","width":640,"height":480},{"@type":"BreadcrumbList","@id":"https:\/\/recette.lacoloc.co\/index.php\/salle-de-reunion\/#breadcrumb","itemListElement":[{"@type":"ListItem","position":1,"name":"Accueil","item":"https:\/\/recette.lacoloc.co\/"},{"@type":"ListItem","position":2,"name":"Salle de r\u00e9union"}]},{"@type":"WebSite","@id":"http:\/\/recette.lacoloc.co\/#website","url":"http:\/\/recette.lacoloc.co\/","name":"La Co'loc","description":"","publisher":{"@id":"http:\/\/recette.lacoloc.co\/#organization"},"potentialAction":[{"@type":"SearchAction","target":{"@type":"EntryPoint","urlTemplate":"http:\/\/recette.lacoloc.co\/?s={search_term_string}"},"query-input":{"@type":"PropertyValueSpecification","valueRequired":true,"valueName":"search_term_string"}}],"inLanguage":"en-US"},{"@type":"Organization","@id":"http:\/\/recette.lacoloc.co\/#organization","name":"La Co'loc","url":"http:\/\/recette.lacoloc.co\/","logo":{"@type":"ImageObject","inLanguage":"en-US","@id":"http:\/\/recette.lacoloc.co\/#\/schema\/logo\/image\/","url":"https:\/\/recette.lacoloc.co\/wp-content\/uploads\/2024\/03\/cropped-Location-bureaux-coworking-1.png","contentUrl":"https:\/\/recette.lacoloc.co\/wp-content\/uploads\/2024\/03\/cropped-Location-bureaux-coworking-1.png","width":358,"height":367,"caption":"La Co'loc"},"image":{"@id":"http:\/\/recette.lacoloc.co\/#\/schema\/logo\/image\/"},"sameAs":["https:\/\/www.linkedin.com\/company\/la-co-loc\/?viewAsMember=true"]}]}},"_links":{"self":[{"href":"https:\/\/recette.lacoloc.co\/index.php\/wp-json\/wp\/v2\/pages\/48","targetHints":{"allow":["GET"]}}],"collection":[{"href":"https:\/\/recette.lacoloc.co\/index.php\/wp-json\/wp\/v2\/pages"}],"about":[{"href":"https:\/\/recette.lacoloc.co\/index.php\/wp-json\/wp\/v2\/types\/page"}],"author":[{"embeddable":true,"href":"https:\/\/recette.lacoloc.co\/index.php\/wp-json\/wp\/v2\/users\/1"}],"replies":[{"embeddable":true,"href":"https:\/\/recette.lacoloc.co\/index.php\/wp-json\/wp\/v2\/comments?post=48"}],"version-history":[{"count":472,"href":"https:\/\/recette.lacoloc.co\/index.php\/wp-json\/wp\/v2\/pages\/48\/revisions"}],"predecessor-version":[{"id":2226,"href":"https:\/\/recette.lacoloc.co\/index.php\/wp-json\/wp\/v2\/pages\/48\/revisions\/2226"}],"wp:attachment":[{"href":"https:\/\/recette.lacoloc.co\/index.php\/wp-json\/wp\/v2\/media?parent=48"}],"curies":[{"name":"wp","href":"https:\/\/api.w.org\/{rel}","templated":true}]}}