{"id":42,"date":"2024-01-14T21:18:23","date_gmt":"2024-01-14T20:18:23","guid":{"rendered":"https:\/\/recette.lacoloc.co\/?page_id=42"},"modified":"2025-06-02T15:48:16","modified_gmt":"2025-06-02T13:48:16","slug":"espace-partage","status":"publish","type":"page","link":"https:\/\/recette.lacoloc.co\/index.php\/espace-partage\/","title":{"rendered":"Espaces partag\u00e9s"},"content":{"rendered":"\t\t<div data-elementor-type=\"wp-page\" data-elementor-id=\"42\" class=\"elementor elementor-42\">\n\t\t\t\t<div class=\"elementor-element elementor-element-a169411 e-flex e-con-boxed e-con e-parent\" data-id=\"a169411\" data-element_type=\"container\">\n\t\t\t\t\t<div class=\"e-con-inner\">\n\t\t\t\t<div class=\"elementor-element elementor-element-1966a80 elementor-widget elementor-widget-text-editor\" data-id=\"1966a80\" data-element_type=\"widget\" data-widget_type=\"text-editor.default\">\n\t\t\t\t<div class=\"elementor-widget-container\">\n\t\t\t\t\t\t\t\t\t<h3 class=\"\" data-start=\"0\" data-end=\"75\"><strong data-start=\"4\" data-end=\"73\">\u00a0 \u00a0 \u00a0 \u00a0 \u00a0 \u00a0 \u00a0 Un espace de coworking flexible et convivial au sein de La Co\u2019Loc<\/strong><\/h3>\t\t\t\t\t\t\t\t<\/div>\n\t\t\t\t<\/div>\n\t\t\t\t\t<\/div>\n\t\t\t\t<\/div>\n\t\t<div class=\"elementor-element elementor-element-5c91858 e-grid e-con-boxed e-con e-parent\" data-id=\"5c91858\" data-element_type=\"container\">\n\t\t\t\t\t<div class=\"e-con-inner\">\n\t\t\t\t<div class=\"elementor-element elementor-element-28b5399 elementor-widget elementor-widget-text-editor\" data-id=\"28b5399\" data-element_type=\"widget\" data-widget_type=\"text-editor.default\">\n\t\t\t\t<div class=\"elementor-widget-container\">\n\t\t\t\t\t\t\t\t\t<h5 data-start=\"0\" data-end=\"75\">\u00a0 \u00a0 \u00a0Travailler en toute libert\u00e9, dans un cadre chaleureux et\u00a0 dynamique, c\u2019est ce que vous offre <strong data-start=\"169\" data-end=\"182\">La Co\u2019Loc<\/strong> ! Notre espace\u00a0 de coworking est <strong data-start=\"215\" data-end=\"256\">partag\u00e9, modulable et sans engagement<\/strong>,\u00a0 \u00a0 \u00a0 \u00a0 \u00a0 \u00a0 \u00a0 \u00a0 \u00a0 pour s\u2019adapter \u00e0 votre rythme et \u00e0 vos besoins.<\/h5><p class=\"\" data-start=\"309\" data-end=\"996\">\u2705 <strong data-start=\"311\" data-end=\"337\">Des formules flexibles<\/strong> : \u00e0 l\u2019heure, \u00e0 la journ\u00e9e, au mois\u2026 choisissez la formule qui vous convient.<br data-start=\"414\" data-end=\"417\" \/>\ud83c\udf3f <strong data-start=\"420\" data-end=\"450\">Un cadre cosy et inspirant<\/strong> : ambiance d\u00e9tendue, espaces lumineux, mobilier confortable.<br data-start=\"511\" data-end=\"514\" \/>\ud83d\ude80 <strong data-start=\"517\" data-end=\"545\">Tous les services inclus<\/strong> : Wi-Fi haut d\u00e9bit, caf\u00e9\/th\u00e9 \u00e0 volont\u00e9, imprimante, coin d\u00e9tente.<br data-start=\"611\" data-end=\"614\" \/>\ud83e\udd1d <strong data-start=\"617\" data-end=\"645\">Une communaut\u00e9 dynamique<\/strong> : rencontrez, \u00e9changez et collaborez avec d\u2019autres professionnel-les.<br data-start=\"712\" data-end=\"715\" \/>\ud83c\udfe1 <strong data-start=\"718\" data-end=\"757\">Un \u00e9quilibre entre vie pro et perso<\/strong> : en travaillant pr\u00e8s de chez vous, vous gagnez du temps pour ce qui compte vraiment.<br data-start=\"843\" data-end=\"846\" \/>\ud83d\uded1 <strong data-start=\"849\" data-end=\"877\">Fini les longs trajets !<\/strong> Profitez d\u2019un espace de travail \u00e0 proximit\u00e9 de votre domicile et dites adieu aux heures perdues dans les transports.<\/p><p class=\"\" data-start=\"998\" data-end=\"1177\">Que vous soyez <strong data-start=\"1013\" data-end=\"1058\">freelance, entrepreneur-e ou en t\u00e9l\u00e9travail<\/strong>, rejoignez un <strong data-start=\"1073\" data-end=\"1097\">coworking \u00e0 la carte<\/strong>, proche de chez vous, pour allier <strong data-start=\"1132\" data-end=\"1174\">flexibilit\u00e9, productivit\u00e9 et bien-\u00eatre<\/strong>.<\/p><p class=\"\" data-start=\"1179\" data-end=\"1284\">\ud83d\udc49 <strong data-start=\"1182\" data-end=\"1282\">Venez tester l\u2019exp\u00e9rience La Co\u2019Loc et trouvez votre \u00e9quilibre entre travail et qualit\u00e9 de vie !<\/strong><\/p>\t\t\t\t\t\t\t\t<\/div>\n\t\t\t\t<\/div>\n\t\t\t\t<div class=\"elementor-element elementor-element-6494422 elementor-widget elementor-widget-image\" data-id=\"6494422\" data-element_type=\"widget\" data-widget_type=\"image.default\">\n\t\t\t\t<div class=\"elementor-widget-container\">\n\t\t\t\t\t\t\t\t\t\t\t\t\t\t\t<img fetchpriority=\"high\" decoding=\"async\" width=\"640\" height=\"480\" src=\"https:\/\/recette.lacoloc.co\/wp-content\/uploads\/2025\/03\/photo-coworking.jpg\" class=\"attachment-large size-large wp-image-2077\" alt=\"\" srcset=\"https:\/\/recette.lacoloc.co\/wp-content\/uploads\/2025\/03\/photo-coworking.jpg 640w, https:\/\/recette.lacoloc.co\/wp-content\/uploads\/2025\/03\/photo-coworking-300x225.jpg 300w, https:\/\/recette.lacoloc.co\/wp-content\/uploads\/2025\/03\/photo-coworking-110x83.jpg 110w\" sizes=\"(max-width: 640px) 100vw, 640px\" \/>\t\t\t\t\t\t\t\t\t\t\t\t\t\t\t<\/div>\n\t\t\t\t<\/div>\n\t\t\t\t\t<\/div>\n\t\t\t\t<\/div>\n\t\t<div class=\"elementor-element elementor-element-8fc4385 e-flex e-con-boxed e-con e-parent\" data-id=\"8fc4385\" data-element_type=\"container\">\n\t\t\t\t\t<div class=\"e-con-inner\">\n\t\t\t\t<div class=\"elementor-element elementor-element-5d49800 elementor-widget elementor-widget-spacer\" data-id=\"5d49800\" data-element_type=\"widget\" data-widget_type=\"spacer.default\">\n\t\t\t\t<div class=\"elementor-widget-container\">\n\t\t\t\t\t\t\t<div class=\"elementor-spacer\">\n\t\t\t<div class=\"elementor-spacer-inner\"><\/div>\n\t\t<\/div>\n\t\t\t\t\t\t<\/div>\n\t\t\t\t<\/div>\n\t\t\t\t<div class=\"elementor-element elementor-element-d1901d6 elementor-widget elementor-widget-text-editor\" data-id=\"d1901d6\" data-element_type=\"widget\" data-widget_type=\"text-editor.default\">\n\t\t\t\t<div class=\"elementor-widget-container\">\n\t\t\t\t\t\t\t\t\t<h3><span style=\"text-decoration: underline;\">TARIFS<\/span><\/h3><h3>5 JOURS OU 10 DEMI-JOURN\u00c9ES: 80\u20acHT<\/h3><h3>10 JOURS OU 20 DEMI-JOURN\u00c9ES: 140\u20acHT<\/h3><h3>COWORKING MENSUEL AVEC UN BUREAU ATTITR\u00c9: 145\u20acHT<\/h3>\t\t\t\t\t\t\t\t<\/div>\n\t\t\t\t<\/div>\n\t\t\t\t\t<\/div>\n\t\t\t\t<\/div>\n\t\t<div class=\"elementor-element elementor-element-a07a8a5 e-flex e-con-boxed e-con e-parent\" data-id=\"a07a8a5\" data-element_type=\"container\">\n\t\t\t\t\t<div class=\"e-con-inner\">\n\t\t\t\t<div class=\"elementor-element elementor-element-c7be83c elementor-align-center elementor-widget elementor-widget-button\" data-id=\"c7be83c\" data-element_type=\"widget\" data-widget_type=\"button.default\">\n\t\t\t\t<div class=\"elementor-widget-container\">\n\t\t\t\t\t\t\t\t\t<div class=\"elementor-button-wrapper\">\n\t\t\t\t\t<a class=\"elementor-button elementor-button-link elementor-size-sm\" href=\"https:\/\/recette.lacoloc.co\/index.php\/contact\/\">\n\t\t\t\t\t\t<span class=\"elementor-button-content-wrapper\">\n\t\t\t\t\t\t\t\t\t<span class=\"elementor-button-text\">JE R\u00c9SERVE<\/span>\n\t\t\t\t\t<\/span>\n\t\t\t\t\t<\/a>\n\t\t\t\t<\/div>\n\t\t\t\t\t\t\t\t<\/div>\n\t\t\t\t<\/div>\n\t\t\t\t\t<\/div>\n\t\t\t\t<\/div>\n\t\t\t\t<\/div>\n\t\t","protected":false},"excerpt":{"rendered":"<p>\u00a0 \u00a0 \u00a0 \u00a0 \u00a0 \u00a0 \u00a0 Un espace de coworking flexible et convivial au sein de La Co\u2019Loc \u00a0 \u00a0 \u00a0Travailler en toute libert\u00e9, dans un cadre chaleureux et\u00a0 &hellip; <\/p>\n","protected":false},"author":1,"featured_media":0,"parent":0,"menu_order":0,"comment_status":"closed","ping_status":"closed","template":"","meta":{"footnotes":""},"class_list":["post-42","page","type-page","status-publish","hentry"],"yoast_head":"<!-- This site is optimized with the Yoast SEO plugin v25.2 - https:\/\/yoast.com\/wordpress\/plugins\/seo\/ -->\n<title>Espaces partag\u00e9s - La Co&#039;loc<\/title>\n<meta name=\"description\" content=\"Espaces partag\u00e9s. Quatre bureaux \u00e0 louer selon vos besoins. Choisissez votre formule. Des prix par formule pour votre entreprise.\" \/>\n<meta name=\"robots\" content=\"index, follow, max-snippet:-1, max-image-preview:large, max-video-preview:-1\" \/>\n<link rel=\"canonical\" href=\"https:\/\/recette.lacoloc.co\/index.php\/espace-partage\/\" \/>\n<meta property=\"og:locale\" content=\"en_US\" \/>\n<meta property=\"og:type\" content=\"article\" \/>\n<meta property=\"og:title\" content=\"Espaces partag\u00e9s - La Co&#039;loc\" \/>\n<meta property=\"og:description\" content=\"Espaces partag\u00e9s. Quatre bureaux \u00e0 louer selon vos besoins. Choisissez votre formule. Des prix par formule pour votre entreprise.\" \/>\n<meta property=\"og:url\" content=\"https:\/\/recette.lacoloc.co\/index.php\/espace-partage\/\" \/>\n<meta property=\"article:modified_time\" content=\"2025-06-02T13:48:16+00:00\" \/>\n<meta property=\"og:image\" content=\"http:\/\/recette.lacoloc.co\/wp-content\/uploads\/2025\/03\/photo-coworking.jpg\" \/>\n<meta name=\"twitter:card\" content=\"summary_large_image\" \/>\n<meta name=\"twitter:label1\" content=\"Est. reading time\" \/>\n\t<meta name=\"twitter:data1\" content=\"2 minutes\" \/>\n<script type=\"application\/ld+json\" class=\"yoast-schema-graph\">{\"@context\":\"https:\/\/schema.org\",\"@graph\":[{\"@type\":\"WebPage\",\"@id\":\"https:\/\/recette.lacoloc.co\/index.php\/espace-partage\/\",\"url\":\"https:\/\/recette.lacoloc.co\/index.php\/espace-partage\/\",\"name\":\"Espaces partag\u00e9s - La Co'loc\",\"isPartOf\":{\"@id\":\"http:\/\/recette.lacoloc.co\/#website\"},\"primaryImageOfPage\":{\"@id\":\"https:\/\/recette.lacoloc.co\/index.php\/espace-partage\/#primaryimage\"},\"image\":{\"@id\":\"https:\/\/recette.lacoloc.co\/index.php\/espace-partage\/#primaryimage\"},\"thumbnailUrl\":\"http:\/\/recette.lacoloc.co\/wp-content\/uploads\/2025\/03\/photo-coworking.jpg\",\"datePublished\":\"2024-01-14T20:18:23+00:00\",\"dateModified\":\"2025-06-02T13:48:16+00:00\",\"description\":\"Espaces partag\u00e9s. Quatre bureaux \u00e0 louer selon vos besoins. Choisissez votre formule. Des prix par formule pour votre entreprise.\",\"breadcrumb\":{\"@id\":\"https:\/\/recette.lacoloc.co\/index.php\/espace-partage\/#breadcrumb\"},\"inLanguage\":\"en-US\",\"potentialAction\":[{\"@type\":\"ReadAction\",\"target\":[\"https:\/\/recette.lacoloc.co\/index.php\/espace-partage\/\"]}]},{\"@type\":\"ImageObject\",\"inLanguage\":\"en-US\",\"@id\":\"https:\/\/recette.lacoloc.co\/index.php\/espace-partage\/#primaryimage\",\"url\":\"https:\/\/recette.lacoloc.co\/wp-content\/uploads\/2025\/03\/photo-coworking.jpg\",\"contentUrl\":\"https:\/\/recette.lacoloc.co\/wp-content\/uploads\/2025\/03\/photo-coworking.jpg\",\"width\":640,\"height\":480},{\"@type\":\"BreadcrumbList\",\"@id\":\"https:\/\/recette.lacoloc.co\/index.php\/espace-partage\/#breadcrumb\",\"itemListElement\":[{\"@type\":\"ListItem\",\"position\":1,\"name\":\"Accueil\",\"item\":\"https:\/\/recette.lacoloc.co\/\"},{\"@type\":\"ListItem\",\"position\":2,\"name\":\"Espaces partag\u00e9s\"}]},{\"@type\":\"WebSite\",\"@id\":\"http:\/\/recette.lacoloc.co\/#website\",\"url\":\"http:\/\/recette.lacoloc.co\/\",\"name\":\"La Co'loc\",\"description\":\"\",\"publisher\":{\"@id\":\"http:\/\/recette.lacoloc.co\/#organization\"},\"potentialAction\":[{\"@type\":\"SearchAction\",\"target\":{\"@type\":\"EntryPoint\",\"urlTemplate\":\"http:\/\/recette.lacoloc.co\/?s={search_term_string}\"},\"query-input\":{\"@type\":\"PropertyValueSpecification\",\"valueRequired\":true,\"valueName\":\"search_term_string\"}}],\"inLanguage\":\"en-US\"},{\"@type\":\"Organization\",\"@id\":\"http:\/\/recette.lacoloc.co\/#organization\",\"name\":\"La Co'loc\",\"url\":\"http:\/\/recette.lacoloc.co\/\",\"logo\":{\"@type\":\"ImageObject\",\"inLanguage\":\"en-US\",\"@id\":\"http:\/\/recette.lacoloc.co\/#\/schema\/logo\/image\/\",\"url\":\"https:\/\/recette.lacoloc.co\/wp-content\/uploads\/2024\/03\/cropped-Location-bureaux-coworking-1.png\",\"contentUrl\":\"https:\/\/recette.lacoloc.co\/wp-content\/uploads\/2024\/03\/cropped-Location-bureaux-coworking-1.png\",\"width\":358,\"height\":367,\"caption\":\"La Co'loc\"},\"image\":{\"@id\":\"http:\/\/recette.lacoloc.co\/#\/schema\/logo\/image\/\"},\"sameAs\":[\"https:\/\/www.linkedin.com\/company\/la-co-loc\/?viewAsMember=true\"]}]}<\/script>\n<!-- \/ Yoast SEO plugin. -->","yoast_head_json":{"title":"Espaces partag\u00e9s - La Co'loc","description":"Espaces partag\u00e9s. Quatre bureaux \u00e0 louer selon vos besoins. Choisissez votre formule. Des prix par formule pour votre entreprise.","robots":{"index":"index","follow":"follow","max-snippet":"max-snippet:-1","max-image-preview":"max-image-preview:large","max-video-preview":"max-video-preview:-1"},"canonical":"https:\/\/recette.lacoloc.co\/index.php\/espace-partage\/","og_locale":"en_US","og_type":"article","og_title":"Espaces partag\u00e9s - La Co'loc","og_description":"Espaces partag\u00e9s. Quatre bureaux \u00e0 louer selon vos besoins. Choisissez votre formule. Des prix par formule pour votre entreprise.","og_url":"https:\/\/recette.lacoloc.co\/index.php\/espace-partage\/","article_modified_time":"2025-06-02T13:48:16+00:00","og_image":[{"url":"http:\/\/recette.lacoloc.co\/wp-content\/uploads\/2025\/03\/photo-coworking.jpg","type":"","width":"","height":""}],"twitter_card":"summary_large_image","twitter_misc":{"Est. reading time":"2 minutes"},"schema":{"@context":"https:\/\/schema.org","@graph":[{"@type":"WebPage","@id":"https:\/\/recette.lacoloc.co\/index.php\/espace-partage\/","url":"https:\/\/recette.lacoloc.co\/index.php\/espace-partage\/","name":"Espaces partag\u00e9s - La Co'loc","isPartOf":{"@id":"http:\/\/recette.lacoloc.co\/#website"},"primaryImageOfPage":{"@id":"https:\/\/recette.lacoloc.co\/index.php\/espace-partage\/#primaryimage"},"image":{"@id":"https:\/\/recette.lacoloc.co\/index.php\/espace-partage\/#primaryimage"},"thumbnailUrl":"http:\/\/recette.lacoloc.co\/wp-content\/uploads\/2025\/03\/photo-coworking.jpg","datePublished":"2024-01-14T20:18:23+00:00","dateModified":"2025-06-02T13:48:16+00:00","description":"Espaces partag\u00e9s. Quatre bureaux \u00e0 louer selon vos besoins. Choisissez votre formule. Des prix par formule pour votre entreprise.","breadcrumb":{"@id":"https:\/\/recette.lacoloc.co\/index.php\/espace-partage\/#breadcrumb"},"inLanguage":"en-US","potentialAction":[{"@type":"ReadAction","target":["https:\/\/recette.lacoloc.co\/index.php\/espace-partage\/"]}]},{"@type":"ImageObject","inLanguage":"en-US","@id":"https:\/\/recette.lacoloc.co\/index.php\/espace-partage\/#primaryimage","url":"https:\/\/recette.lacoloc.co\/wp-content\/uploads\/2025\/03\/photo-coworking.jpg","contentUrl":"https:\/\/recette.lacoloc.co\/wp-content\/uploads\/2025\/03\/photo-coworking.jpg","width":640,"height":480},{"@type":"BreadcrumbList","@id":"https:\/\/recette.lacoloc.co\/index.php\/espace-partage\/#breadcrumb","itemListElement":[{"@type":"ListItem","position":1,"name":"Accueil","item":"https:\/\/recette.lacoloc.co\/"},{"@type":"ListItem","position":2,"name":"Espaces partag\u00e9s"}]},{"@type":"WebSite","@id":"http:\/\/recette.lacoloc.co\/#website","url":"http:\/\/recette.lacoloc.co\/","name":"La Co'loc","description":"","publisher":{"@id":"http:\/\/recette.lacoloc.co\/#organization"},"potentialAction":[{"@type":"SearchAction","target":{"@type":"EntryPoint","urlTemplate":"http:\/\/recette.lacoloc.co\/?s={search_term_string}"},"query-input":{"@type":"PropertyValueSpecification","valueRequired":true,"valueName":"search_term_string"}}],"inLanguage":"en-US"},{"@type":"Organization","@id":"http:\/\/recette.lacoloc.co\/#organization","name":"La Co'loc","url":"http:\/\/recette.lacoloc.co\/","logo":{"@type":"ImageObject","inLanguage":"en-US","@id":"http:\/\/recette.lacoloc.co\/#\/schema\/logo\/image\/","url":"https:\/\/recette.lacoloc.co\/wp-content\/uploads\/2024\/03\/cropped-Location-bureaux-coworking-1.png","contentUrl":"https:\/\/recette.lacoloc.co\/wp-content\/uploads\/2024\/03\/cropped-Location-bureaux-coworking-1.png","width":358,"height":367,"caption":"La Co'loc"},"image":{"@id":"http:\/\/recette.lacoloc.co\/#\/schema\/logo\/image\/"},"sameAs":["https:\/\/www.linkedin.com\/company\/la-co-loc\/?viewAsMember=true"]}]}},"_links":{"self":[{"href":"https:\/\/recette.lacoloc.co\/index.php\/wp-json\/wp\/v2\/pages\/42","targetHints":{"allow":["GET"]}}],"collection":[{"href":"https:\/\/recette.lacoloc.co\/index.php\/wp-json\/wp\/v2\/pages"}],"about":[{"href":"https:\/\/recette.lacoloc.co\/index.php\/wp-json\/wp\/v2\/types\/page"}],"author":[{"embeddable":true,"href":"https:\/\/recette.lacoloc.co\/index.php\/wp-json\/wp\/v2\/users\/1"}],"replies":[{"embeddable":true,"href":"https:\/\/recette.lacoloc.co\/index.php\/wp-json\/wp\/v2\/comments?post=42"}],"version-history":[{"count":103,"href":"https:\/\/recette.lacoloc.co\/index.php\/wp-json\/wp\/v2\/pages\/42\/revisions"}],"predecessor-version":[{"id":2272,"href":"https:\/\/recette.lacoloc.co\/index.php\/wp-json\/wp\/v2\/pages\/42\/revisions\/2272"}],"wp:attachment":[{"href":"https:\/\/recette.lacoloc.co\/index.php\/wp-json\/wp\/v2\/media?parent=42"}],"curies":[{"name":"wp","href":"https:\/\/api.w.org\/{rel}","templated":true}]}}